{"id":5991,"date":"2021-01-31T14:12:53","date_gmt":"2021-01-31T14:12:53","guid":{"rendered":"https:\/\/migjeni.si\/?page_id=5991"},"modified":"2021-03-14T23:34:31","modified_gmt":"2021-03-14T23:34:31","slug":"kulturne-dejavnosti-2","status":"publish","type":"page","link":"https:\/\/migjeni.si\/sl\/kulturne-dejavnosti-2\/","title":{"rendered":"KULTURNE DEJAVNOSTI"},"content":{"rendered":"<section class=\"kc-elm kc-css-560090 kc_row\"><div class=\"kc-row-container  kc-container\"><div class=\"kc-wrap-columns\"><div class=\"kc-elm kc-css-497421 kc_col-sm-12 kc_column kc_col-sm-12\"><div class=\"kc-col-container\"><div class=\"kc-elm kc-css-250499 kc_text_block\"><\/p>\n<h2 style=\"font-weight: 400;\"><strong>GLASBENA SEKCIJA \u00a0ALBANSKEGA KULTURNEGA DRU\u0160TVA\u00a0 MIGJENI<\/strong><\/h2>\n<p>Glasbena sekcija dru\u0161tva Migjeni je bila ustanovljena leta 1989, ki je imela veliko koncertov po Sloveniji, Hrva\u0161ki in Avstriji. Leta 2018 smo skupino organizirali glasbenih instrumentalistov, ki je medtem prerasel v majhen orkester, ki je igral tradicionalne in\u0161trumente (kitara, mandolina, harmonika) in ljudske in\u0161trumente (frula, def, tarambuk\u00eb, \u00e7ifteli, gajda).<\/p>\n<p>\n<\/div><div class=\"kc-elm kc-css-316737 kc_shortcode kc_single_image\">\n\n        <img src=\"https:\/\/migjeni.si\/wp-content\/uploads\/2021\/01\/DSC_0811-scaled.jpg\" class=\"\" alt=\"\" \/>    <\/div>\n<div class=\"kc-elm kc-css-440319 kc_text_block\"><\/p>\n<p>\nDejavnost glasbene sekcije se je za\u010dela leta 2018 in je bila zlasti v letu 2019 gosta. Zaradi stanja pandemije v letu 2020 je bila ta aktivnost zelo skromna.<\/p>\n<p>Pregled koncertov je predstavljen na naslednji na\u010din:<\/p>\n<ul>\n<li>Koncert z vokalno skupino Kvali, ki je potekal ob obletnici dneva zastave, novembra 2018, v dvorani dru\u0161tva Migjeni, Ljubljana.<\/li>\n<li>Celoten koncert s skupino Kvali, ki je potekal 08.06.2019 v atriju SAZU, Ljubljana.<\/li>\n<li>Udele\u017eba z dvema vokalno-instrumentalnima to\u010dkama na koncertu, ki ga je organiziralo zdru\u017eenje Bo\u0161njakov v Sloveniji &#8220;Sevdah\", 12. 10. 2019 v dvorani \u0160panskih borcev.<\/li>\n<li>Sodelovanje s \u0161tirimi vokalno-instrumentalnimi to\u010dkami na koncertu, ki ga je organiziralo bo\u0161nja\u0161ko dru\u0161tvo v Sloveniji &#8220;Sand\u017eak\", dne 09.11.2019 v dvorani doma kulture Kamnik.<\/li>\n<li>Celoten koncert s skupino Kvali, ki je potekal 14.02.2020 v atriju SAZU, Ljubljana.<\/li>\n<\/ul>\n<p>\n<\/div>\n\t<div class=\"kc-elm kc-css-186968 kc_shortcode kc_video_play kc_video_wrapper\" data-video=\"https:\/\/www.youtube.com\/watch?v=-YHar9u-yCM\" data-width=\"1020\" data-height=\"576.27118644068\" data-fullwidth=\"\" data-autoplay=\"\" data-loop=\"yes\" data-control=\"yes\" data-related=\"\" data-showinfo=\"\" data-kc-video-mute=\"\">\n\t\t\t<\/div>\n\n<div class=\"kc-elm kc-css-178664 kc_text_block\"><\/p>\n<p>\n\u010clani orkestra:<\/p>\n<ul>\n<li>Nahid Bejtullahi, umetni\u0161ki vodja, kitara.<\/li>\n<li>Petra Trobec, umetni\u0161ka vodja skupine Kvali, harmonika<\/li>\n<li>Besir Jusufi, mandolina.<\/li>\n<li>Xhavit Hoxha, frula, \u00e7iftelia, gajda.<\/li>\n<li>Raif Bilurdag, tarambuk\u00eb, def.<\/li>\n<li>Nasuf Krasniqi, \u00e7iftelia.<\/li>\n<\/ul>\n<p>Vokalni solisti:<\/p>\n<ul>\n<li>Alma Bejtullahu<\/li>\n<li>Nasuf Krasniqi<\/li>\n<li>Jehona Hoxha<\/li>\n<\/ul>\n<p>\n<\/div>\n\t<div class=\"kc-elm kc-css-879736 kc_shortcode kc_video_play kc_video_wrapper\" data-video=\"https:\/\/www.youtube.com\/watch?v=8aN2uXCzZn0\" data-width=\"1020\" data-height=\"576.27118644068\" data-fullwidth=\"\" data-autoplay=\"\" data-loop=\"yes\" data-control=\"yes\" data-related=\"\" data-showinfo=\"\" data-kc-video-mute=\"\">\n\t\t\t<\/div>\n\n<\/div><\/div><\/div><\/div><\/section>\n","protected":false},"excerpt":{"rendered":"","protected":false},"author":1,"featured_media":0,"parent":0,"menu_order":0,"comment_status":"closed","ping_status":"closed","template":"","meta":{"_monsterinsights_skip_tracking":false,"_monsterinsights_sitenote_active":false,"_monsterinsights_sitenote_note":"","_monsterinsights_sitenote_category":0},"_links":{"self":[{"href":"https:\/\/migjeni.si\/sl\/wp-json\/wp\/v2\/pages\/5991"}],"collection":[{"href":"https:\/\/migjeni.si\/sl\/wp-json\/wp\/v2\/pages"}],"about":[{"href":"https:\/\/migjeni.si\/sl\/wp-json\/wp\/v2\/types\/page"}],"author":[{"embeddable":true,"href":"https:\/\/migjeni.si\/sl\/wp-json\/wp\/v2\/users\/1"}],"replies":[{"embeddable":true,"href":"https:\/\/migjeni.si\/sl\/wp-json\/wp\/v2\/comments?post=5991"}],"version-history":[{"count":11,"href":"https:\/\/migjeni.si\/sl\/wp-json\/wp\/v2\/pages\/5991\/revisions"}],"predecessor-version":[{"id":6218,"href":"https:\/\/migjeni.si\/sl\/wp-json\/wp\/v2\/pages\/5991\/revisions\/6218"}],"wp:attachment":[{"href":"https:\/\/migjeni.si\/sl\/wp-json\/wp\/v2\/media?parent=5991"}],"curies":[{"name":"wp","href":"https:\/\/api.w.org\/{rel}","templated":true}]}}